{"id":3413,"date":"2025-03-25T06:39:49","date_gmt":"2025-03-25T06:39:49","guid":{"rendered":"https:\/\/htp.org.vn\/?page_id=3413"},"modified":"2025-05-13T03:03:24","modified_gmt":"2025-05-13T03:03:24","slug":"dong-hanh","status":"publish","type":"page","link":"https:\/\/htp.org.vn\/en\/dong-hanh\/","title":{"rendered":"COMPANION"},"content":{"rendered":"<div data-elementor-type=\"wp-page\" data-elementor-id=\"3413\" class=\"elementor elementor-3413\">\n\t\t\t\t\t\t<section class=\"elementor-section elementor-top-section elementor-element elementor-element-e3452ba elementor-section-boxed elementor-section-height-default elementor-section-height-default\" data-id=\"e3452ba\" data-element_type=\"section\">\n\t\t\t\t\t\t<div class=\"elementor-container elementor-column-gap-default\">\n\t\t\t\t\t<div class=\"elementor-column elementor-col-50 elementor-top-column elementor-element elementor-element-9916fdf\" data-id=\"9916fdf\" data-element_type=\"column\">\n\t\t\t<div class=\"elementor-widget-wrap elementor-element-populated\">\n\t\t\t\t\t\t<div class=\"elementor-element elementor-element-d2bdcb2 elementor-widget__width-initial elementor-widget elementor-widget-image\" data-id=\"d2bdcb2\" data-element_type=\"widget\" data-widget_type=\"image.default\">\n\t\t\t\t<div class=\"elementor-widget-container\">\n\t\t\t\t\t\t\t\t\t\t\t\t\t\t\t<img fetchpriority=\"high\" decoding=\"async\" width=\"1366\" height=\"768\" src=\"https:\/\/htp.org.vn\/wp-content\/uploads\/2025\/03\/biaf-wweb-copy.jpg\" class=\"attachment-1536x1536 size-1536x1536 wp-image-3383\" alt=\"\" srcset=\"https:\/\/htp.org.vn\/wp-content\/uploads\/2025\/03\/biaf-wweb-copy.jpg 1366w, https:\/\/htp.org.vn\/wp-content\/uploads\/2025\/03\/biaf-wweb-copy-300x169.jpg 300w, https:\/\/htp.org.vn\/wp-content\/uploads\/2025\/03\/biaf-wweb-copy-1024x576.jpg 1024w, https:\/\/htp.org.vn\/wp-content\/uploads\/2025\/03\/biaf-wweb-copy-768x432.jpg 768w\" sizes=\"(max-width: 1366px) 100vw, 1366px\" \/>\t\t\t\t\t\t\t\t\t\t\t\t\t\t\t<\/div>\n\t\t\t\t<\/div>\n\t\t\t\t\t<\/div>\n\t\t<\/div>\n\t\t\t\t<div class=\"elementor-column elementor-col-50 elementor-top-column elementor-element elementor-element-769c5fb\" data-id=\"769c5fb\" data-element_type=\"column\">\n\t\t\t<div class=\"elementor-widget-wrap elementor-element-populated\">\n\t\t\t\t\t\t<div class=\"elementor-element elementor-element-91b49f3 elementor-widget elementor-widget-image\" data-id=\"91b49f3\" data-element_type=\"widget\" data-widget_type=\"image.default\">\n\t\t\t\t<div class=\"elementor-widget-container\">\n\t\t\t\t\t\t\t\t\t\t\t\t\t\t\t<img decoding=\"async\" width=\"512\" height=\"341\" src=\"https:\/\/htp.org.vn\/wp-content\/uploads\/2025\/03\/ngoaikhoa2.jpg\" class=\"attachment-medium_large size-medium_large wp-image-3137\" alt=\"\" srcset=\"https:\/\/htp.org.vn\/wp-content\/uploads\/2025\/03\/ngoaikhoa2.jpg 512w, https:\/\/htp.org.vn\/wp-content\/uploads\/2025\/03\/ngoaikhoa2-300x200.jpg 300w\" sizes=\"(max-width: 512px) 100vw, 512px\" \/>\t\t\t\t\t\t\t\t\t\t\t\t\t\t\t<\/div>\n\t\t\t\t<\/div>\n\t\t\t\t<div class=\"elementor-element elementor-element-758d9a1 elementor-widget elementor-widget-image\" data-id=\"758d9a1\" data-element_type=\"widget\" data-widget_type=\"image.default\">\n\t\t\t\t<div class=\"elementor-widget-container\">\n\t\t\t\t\t\t\t\t\t\t\t\t\t\t\t<img decoding=\"async\" width=\"512\" height=\"341\" src=\"https:\/\/htp.org.vn\/wp-content\/uploads\/2024\/02\/hocbong2.png\" class=\"attachment-medium_large size-medium_large wp-image-2849\" alt=\"\" srcset=\"https:\/\/htp.org.vn\/wp-content\/uploads\/2024\/02\/hocbong2.png 512w, https:\/\/htp.org.vn\/wp-content\/uploads\/2024\/02\/hocbong2-300x200.png 300w\" sizes=\"(max-width: 512px) 100vw, 512px\" \/>\t\t\t\t\t\t\t\t\t\t\t\t\t\t\t<\/div>\n\t\t\t\t<\/div>\n\t\t\t\t\t<\/div>\n\t\t<\/div>\n\t\t\t\t\t<\/div>\n\t\t<\/section>\n\t\t\t\t<section class=\"elementor-section elementor-top-section elementor-element elementor-element-3d4b594 elementor-section-boxed elementor-section-height-default elementor-section-height-default\" data-id=\"3d4b594\" data-element_type=\"section\">\n\t\t\t\t\t\t<div class=\"elementor-container elementor-column-gap-default\">\n\t\t\t\t\t<div class=\"elementor-column elementor-col-100 elementor-top-column elementor-element elementor-element-c0666ac\" data-id=\"c0666ac\" data-element_type=\"column\">\n\t\t\t<div class=\"elementor-widget-wrap elementor-element-populated\">\n\t\t\t\t\t\t<div class=\"elementor-element elementor-element-b795bbe elementor-widget elementor-widget-spacer\" data-id=\"b795bbe\" data-element_type=\"widget\" data-widget_type=\"spacer.default\">\n\t\t\t\t<div class=\"elementor-widget-container\">\n\t\t\t\t\t\t\t<div class=\"elementor-spacer\">\n\t\t\t<div class=\"elementor-spacer-inner\"><\/div>\n\t\t<\/div>\n\t\t\t\t\t\t<\/div>\n\t\t\t\t<\/div>\n\t\t\t\t\t<\/div>\n\t\t<\/div>\n\t\t\t\t\t<\/div>\n\t\t<\/section>\n\t\t\t\t<section class=\"elementor-section elementor-top-section elementor-element elementor-element-ff9c753 elementor-section-boxed elementor-section-height-default elementor-section-height-default\" data-id=\"ff9c753\" data-element_type=\"section\">\n\t\t\t\t\t\t<div class=\"elementor-container elementor-column-gap-default\">\n\t\t\t\t\t<div class=\"elementor-column elementor-col-100 elementor-top-column elementor-element elementor-element-4038f95\" data-id=\"4038f95\" data-element_type=\"column\">\n\t\t\t<div class=\"elementor-widget-wrap\">\n\t\t\t\t\t\t\t<\/div>\n\t\t<\/div>\n\t\t\t\t\t<\/div>\n\t\t<\/section>\n\t\t\t\t<section class=\"elementor-section elementor-top-section elementor-element elementor-element-cd2f87f elementor-section-boxed elementor-section-height-default elementor-section-height-default\" data-id=\"cd2f87f\" data-element_type=\"section\">\n\t\t\t\t\t\t<div class=\"elementor-container elementor-column-gap-default\">\n\t\t\t\t\t<div class=\"elementor-column elementor-col-100 elementor-top-column elementor-element elementor-element-44daba7\" data-id=\"44daba7\" data-element_type=\"column\">\n\t\t\t<div class=\"elementor-widget-wrap elementor-element-populated\">\n\t\t\t\t\t\t<div class=\"elementor-element elementor-element-a3bdf07 elementor-widget elementor-widget-spacer\" data-id=\"a3bdf07\" data-element_type=\"widget\" data-widget_type=\"spacer.default\">\n\t\t\t\t<div class=\"elementor-widget-container\">\n\t\t\t\t\t\t\t<div class=\"elementor-spacer\">\n\t\t\t<div class=\"elementor-spacer-inner\"><\/div>\n\t\t<\/div>\n\t\t\t\t\t\t<\/div>\n\t\t\t\t<\/div>\n\t\t\t\t<div class=\"elementor-element elementor-element-232865c elementor-align-center elementor-widget elementor-widget-button\" data-id=\"232865c\" data-element_type=\"widget\" data-widget_type=\"button.default\">\n\t\t\t\t<div class=\"elementor-widget-container\">\n\t\t\t\t\t\t\t\t\t<div class=\"elementor-button-wrapper\">\n\t\t\t\t\t<a class=\"elementor-button elementor-button-link elementor-size-sm\" href=\"https:\/\/docs.google.com\/spreadsheets\/d\/1uWwaLTMfMvrQD5HmHuhPMwb6xhb4vKRyCIU5ydEEZ_0\/edit?usp=sharing\">\n\t\t\t\t\t\t<span class=\"elementor-button-content-wrapper\">\n\t\t\t\t\t\t\t\t\t<span class=\"elementor-button-text\">DANH S\u00c1CH NH\u00c0 T\u00c0I TR\u1ee2<\/span>\n\t\t\t\t\t<\/span>\n\t\t\t\t\t<\/a>\n\t\t\t\t<\/div>\n\t\t\t\t\t\t\t\t<\/div>\n\t\t\t\t<\/div>\n\t\t\t\t\t<\/div>\n\t\t<\/div>\n\t\t\t\t\t<\/div>\n\t\t<\/section>\n\t\t\t\t<section class=\"elementor-section elementor-top-section elementor-element elementor-element-d9ae264 elementor-section-boxed elementor-section-height-default elementor-section-height-default\" data-id=\"d9ae264\" data-element_type=\"section\">\n\t\t\t\t\t\t<div class=\"elementor-container elementor-column-gap-default\">\n\t\t\t\t\t<div class=\"elementor-column elementor-col-100 elementor-top-column elementor-element elementor-element-41b6034\" data-id=\"41b6034\" data-element_type=\"column\">\n\t\t\t<div class=\"elementor-widget-wrap elementor-element-populated\">\n\t\t\t\t\t\t<div class=\"elementor-element elementor-element-07debdc elementor-widget elementor-widget-text-editor\" data-id=\"07debdc\" data-element_type=\"widget\" data-widget_type=\"text-editor.default\">\n\t\t\t\t<div class=\"elementor-widget-container\">\n\t\t\t\t\t\t\t\t\t<p><strong><span class=\"OYPEnA font-feature-liga-off font-feature-clig-off font-feature-calt-off text-decoration-none text-strikethrough-none\">WHERE SEEDS GROW INTO STRONG TREES <\/span><\/strong><\/p><p><span class=\"OYPEnA font-feature-liga-off font-feature-clig-off font-feature-calt-off text-decoration-none text-strikethrough-none\">We believe that every student should have equal access to a quality learning environment to unlock their potential.<\/span><\/p>\t\t\t\t\t\t\t\t<\/div>\n\t\t\t\t<\/div>\n\t\t\t\t\t<\/div>\n\t\t<\/div>\n\t\t\t\t\t<\/div>\n\t\t<\/section>\n\t\t\t\t<section class=\"elementor-section elementor-top-section elementor-element elementor-element-9a5522b elementor-section-boxed elementor-section-height-default elementor-section-height-default\" data-id=\"9a5522b\" data-element_type=\"section\">\n\t\t\t\t\t\t<div class=\"elementor-container elementor-column-gap-default\">\n\t\t\t\t\t<div class=\"elementor-column elementor-col-100 elementor-top-column elementor-element elementor-element-04cdfe1\" data-id=\"04cdfe1\" data-element_type=\"column\">\n\t\t\t<div class=\"elementor-widget-wrap elementor-element-populated\">\n\t\t\t\t\t\t<div class=\"elementor-element elementor-element-0348b2b elementor-widget elementor-widget-spacer\" data-id=\"0348b2b\" data-element_type=\"widget\" data-widget_type=\"spacer.default\">\n\t\t\t\t<div class=\"elementor-widget-container\">\n\t\t\t\t\t\t\t<div class=\"elementor-spacer\">\n\t\t\t<div class=\"elementor-spacer-inner\"><\/div>\n\t\t<\/div>\n\t\t\t\t\t\t<\/div>\n\t\t\t\t<\/div>\n\t\t\t\t\t<\/div>\n\t\t<\/div>\n\t\t\t\t\t<\/div>\n\t\t<\/section>\n\t\t\t\t<section class=\"elementor-section elementor-top-section elementor-element elementor-element-27452df elementor-section-boxed elementor-section-height-default elementor-section-height-default\" data-id=\"27452df\" data-element_type=\"section\">\n\t\t\t\t\t\t<div class=\"elementor-container elementor-column-gap-default\">\n\t\t\t\t\t<div class=\"elementor-column elementor-col-100 elementor-top-column elementor-element elementor-element-33e2054\" data-id=\"33e2054\" data-element_type=\"column\">\n\t\t\t<div class=\"elementor-widget-wrap\">\n\t\t\t\t\t\t\t<\/div>\n\t\t<\/div>\n\t\t\t\t\t<\/div>\n\t\t<\/section>\n\t\t\t\t<section class=\"elementor-section elementor-top-section elementor-element elementor-element-9e751ee elementor-section-boxed elementor-section-height-default elementor-section-height-default\" data-id=\"9e751ee\" data-element_type=\"section\">\n\t\t\t\t\t\t<div class=\"elementor-container elementor-column-gap-default\">\n\t\t\t\t\t<div class=\"elementor-column elementor-col-100 elementor-top-column elementor-element elementor-element-9c96ce4\" data-id=\"9c96ce4\" data-element_type=\"column\">\n\t\t\t<div class=\"elementor-widget-wrap elementor-element-populated\">\n\t\t\t\t\t\t<div class=\"elementor-element elementor-element-d01f4e1 elementor-widget elementor-widget-heading\" data-id=\"d01f4e1\" data-element_type=\"widget\" data-widget_type=\"heading.default\">\n\t\t\t\t<div class=\"elementor-widget-container\">\n\t\t\t\t\t<h2 class=\"elementor-heading-title elementor-size-default\">Accompany and contribute<\/h2>\t\t\t\t<\/div>\n\t\t\t\t<\/div>\n\t\t\t\t<div class=\"elementor-element elementor-element-5764798 elementor-widget__width-initial elementor-widget elementor-widget-text-editor\" data-id=\"5764798\" data-element_type=\"widget\" data-widget_type=\"text-editor.default\">\n\t\t\t\t<div class=\"elementor-widget-container\">\n\t\t\t\t\t\t\t\t\t<p><span class=\"OYPEnA font-feature-liga-off font-feature-clig-off font-feature-calt-off text-decoration-none text-strikethrough-none\">As part of our team, you can help change lives!\nWe are looking for life-changers to join us in creating sustainable values \u200b\u200bthrough scholarship and training programs, spreading the spirit of sharing to improve the quality of life for those in difficult circumstances, and bringing great changes for a great generation of young Architects.<\/span><\/p>\t\t\t\t\t\t\t\t<\/div>\n\t\t\t\t<\/div>\n\t\t\t\t<div class=\"elementor-element elementor-element-22e2254 elementor-widget elementor-widget-heading\" data-id=\"22e2254\" data-element_type=\"widget\" data-widget_type=\"heading.default\">\n\t\t\t\t<div class=\"elementor-widget-container\">\n\t\t\t\t\t<h2 class=\"elementor-heading-title elementor-size-default\">Th\u00f4ng tin nh\u1eadn \u0111\u00f3ng g\u00f3p<\/h2>\t\t\t\t<\/div>\n\t\t\t\t<\/div>\n\t\t\t\t<div class=\"elementor-element elementor-element-c161a56 elementor-widget elementor-widget-text-editor\" data-id=\"c161a56\" data-element_type=\"widget\" data-widget_type=\"text-editor.default\">\n\t\t\t\t<div class=\"elementor-widget-container\">\n\t\t\t\t\t\t\t\t\t<p class=\"cvGsUA direction-ltr align-justify para-style-body\"><span class=\"OYPEnA font-feature-liga-off font-feature-clig-off font-feature-calt-off text-decoration-none text-strikethrough-none\">M\u1ecdi s\u1ef1 \u0111\u00f3ng g\u00f3p xin \u0111\u01b0\u1ee3c g\u1eedi v\u1ec1:<\/span><\/p><p class=\"cvGsUA direction-ltr align-justify para-style-body\"><span class=\"OYPEnA font-feature-liga-off font-feature-clig-off font-feature-calt-off text-decoration-none text-strikethrough-none\">T\u00ean t\u00e0i kho\u1ea3n: Qu\u1ef9 H\u1ecdc B\u1ed5ng Hu\u1ef3nh T\u1ea5n Ph\u00e1t<\/span><\/p><p class=\"cvGsUA direction-ltr align-justify para-style-body\"><span class=\"OYPEnA font-feature-liga-off font-feature-clig-off font-feature-calt-off text-decoration-none text-strikethrough-none\">Account number: 1180 0003 1037<\/span><\/p><p class=\"cvGsUA direction-ltr align-justify para-style-body\"><span class=\"OYPEnA font-feature-liga-off font-feature-clig-off font-feature-calt-off text-decoration-none text-strikethrough-none\">Ng\u00e2n h\u00e0ng NG\u00c2N H\u00c0NG VIETTINBANK<\/span><\/p><p class=\"cvGsUA direction-ltr align-justify para-style-body\"><span class=\"OYPEnA font-feature-liga-off font-feature-clig-off font-feature-calt-off text-decoration-none text-strikethrough-none\">&#8211; CHI NH\u00c1NH TP. H\u1ed2 CH\u00cd MINH<\/span><\/p>\t\t\t\t\t\t\t\t<\/div>\n\t\t\t\t<\/div>\n\t\t\t\t<div class=\"elementor-element elementor-element-3fc963b elementor-widget elementor-widget-text-editor\" data-id=\"3fc963b\" data-element_type=\"widget\" data-widget_type=\"text-editor.default\">\n\t\t\t\t<div class=\"elementor-widget-container\">\n\t\t\t\t\t\t\t\t\t<p class=\"cvGsUA direction-ltr align-justify para-style-body\"><span class=\"OYPEnA font-feature-liga-off font-feature-clig-off font-feature-calt-off text-decoration-none text-strikethrough-none\">T\u00e0i kho\u1ea3n ngo\u1ea1i t\u1ec7:<\/span><\/p><p class=\"cvGsUA direction-ltr align-justify para-style-body\"><span class=\"OYPEnA font-feature-liga-off font-feature-clig-off font-feature-calt-off text-decoration-none text-strikethrough-none\">T\u00ean t\u00e0i kho\u1ea3n: Qu\u1ef9 H\u1ecdc B\u1ed5ng Hu\u1ef3nh T\u1ea5n Ph\u00e1t<\/span><\/p><p class=\"cvGsUA direction-ltr align-justify para-style-body\"><span class=\"OYPEnA font-feature-liga-off font-feature-clig-off font-feature-calt-off text-decoration-none text-strikethrough-none\">Account number: 1020 2000 0069 220<\/span><\/p><p class=\"cvGsUA direction-ltr align-justify para-style-body\"><span class=\"OYPEnA font-feature-liga-off font-feature-clig-off font-feature-calt-off text-decoration-none text-strikethrough-none\">Ng\u00e2n h\u00e0ng NG\u00c2N H\u00c0NG VIETTINBANK<\/span><\/p><p class=\"cvGsUA direction-ltr align-justify para-style-body\"><span class=\"OYPEnA font-feature-liga-off font-feature-clig-off font-feature-calt-off text-decoration-none text-strikethrough-none\">&#8211; CHI NH\u00c1NH TP. H\u1ed2 CH\u00cd MINH<\/span><\/p>\t\t\t\t\t\t\t\t<\/div>\n\t\t\t\t<\/div>\n\t\t\t\t\t<\/div>\n\t\t<\/div>\n\t\t\t\t\t<\/div>\n\t\t<\/section>\n\t\t\t\t<\/div>","protected":false},"excerpt":{"rendered":"<p>DANH S\u00c1CH NH\u00c0 T\u00c0I TR\u1ee2 N\u01a0I NH\u1eeeNG H\u1ea0T M\u1ea6M V\u01af\u01a0N M\u00ccNH TH\u00c0NH C\u00c2Y Ch\u00fang t\u00f4i l\u00e0m n\u00ean \u0111i\u1ec1u \u0111\u00f3 b\u1eb1ng c\u00e1ch t\u1ea1o n\u00ean m\u1ed9t m\u00f4i tr\u01b0\u1eddng gi\u00e1o d\u1ee5c b\u00ecnh \u0111\u1eb3ng, khai ph\u00f3ng, s\u00e1ng t\u1ea1o \u0111\u1ec3 b\u1ea5t k\u1ef3 m\u1ed9t h\u1ea1t gi\u1ed1ng n\u00e0o c\u0169ng c\u00f3 th\u1ec3 t\u00e1ch v\u1ecf m\u00e0 l\u1edbn l\u00ean. \u0110\u1ed3ng h\u00e0nh v\u00e0 \u0111\u00f3ng g\u00f3p Qu\u1ef9 [&hellip;]<\/p>","protected":false},"author":1,"featured_media":0,"parent":0,"menu_order":0,"comment_status":"closed","ping_status":"closed","template":"","meta":{"footnotes":""},"class_list":["post-3413","page","type-page","status-publish","hentry"],"_links":{"self":[{"href":"https:\/\/htp.org.vn\/en\/wp-json\/wp\/v2\/pages\/3413","targetHints":{"allow":["GET"]}}],"collection":[{"href":"https:\/\/htp.org.vn\/en\/wp-json\/wp\/v2\/pages"}],"about":[{"href":"https:\/\/htp.org.vn\/en\/wp-json\/wp\/v2\/types\/page"}],"author":[{"embeddable":true,"href":"https:\/\/htp.org.vn\/en\/wp-json\/wp\/v2\/users\/1"}],"replies":[{"embeddable":true,"href":"https:\/\/htp.org.vn\/en\/wp-json\/wp\/v2\/comments?post=3413"}],"version-history":[{"count":33,"href":"https:\/\/htp.org.vn\/en\/wp-json\/wp\/v2\/pages\/3413\/revisions"}],"predecessor-version":[{"id":3580,"href":"https:\/\/htp.org.vn\/en\/wp-json\/wp\/v2\/pages\/3413\/revisions\/3580"}],"wp:attachment":[{"href":"https:\/\/htp.org.vn\/en\/wp-json\/wp\/v2\/media?parent=3413"}],"curies":[{"name":"wp","href":"https:\/\/api.w.org\/{rel}","templated":true}]}}